{"id":213,"date":"2026-03-10T09:14:30","date_gmt":"2026-03-10T09:14:30","guid":{"rendered":"http:\/\/musictimeventos-tlmhz.wordpress.com\/?page_id=1"},"modified":"2026-04-29T17:33:01","modified_gmt":"2026-04-29T15:33:01","slug":"acerca-de","status":"publish","type":"page","link":"https:\/\/musictimeventos.com\/?page_id=213","title":{"rendered":"Inicio"},"content":{"rendered":"\n<div class=\"wp-block-group alignfull has-contrast-color has-base-background-color has-text-color has-background has-link-color wp-elements-ef484da5f144bb43a99793076274d04b has-global-padding is-content-justification-center is-layout-constrained wp-container-core-group-is-layout-df757ecc wp-block-group-is-layout-constrained\" style=\"margin-top:0;margin-bottom:0;padding-top:calc( 0.5 * var(--wp--style--root--padding-right, var(--wp--custom--gap--horizontal)));padding-right:var(--wp--style--root--padding-right, var(--wp--custom--gap--horizontal));padding-bottom:calc( 0.5 * var(--wp--style--root--padding-right, var(--wp--custom--gap--horizontal)));padding-left:var(--wp--style--root--padding-left, var(--wp--custom--gap--horizontal))\">\n<div class=\"wp-block-columns alignwide is-layout-flex wp-container-core-columns-is-layout-a4ccfc99 wp-block-columns-is-layout-flex\">\n<div class=\"wp-block-column has-contrast-color has-text-color has-link-color wp-elements-4b6f4611c497692b5b12381bfdb1a7ee is-layout-flow wp-block-column-is-layout-flow\" style=\"flex-basis:60%\">\n<h2 class=\"wp-block-heading has-contrast-color has-text-color has-link-color wp-elements-138856d96166b5a64f50b6fd8c3d4a3c\">Tu evento de principio a fin. Asesoramiento, djs, animaci\u00f3n, Sonido, iluminaci\u00f3n, efectos especiales.<\/h2>\n<\/div>\n\n\n\n<div class=\"wp-block-column is-vertically-aligned-center is-layout-flow wp-block-column-is-layout-flow\">\n<div class=\"wp-block-cover is-light\" style=\"min-height:295px;aspect-ratio:unset;\"><img loading=\"lazy\" decoding=\"async\" width=\"1600\" height=\"1200\" class=\"wp-block-cover__image-background wp-image-229 size-large\" alt=\"\" src=\"http:\/\/musictimeventos.com\/wp-content\/uploads\/2026\/03\/whatsapp-image-2026-03-12-at-17.19.07.jpg.jpeg?w=1024\" data-object-fit=\"cover\" srcset=\"https:\/\/musictimeventos.com\/wp-content\/uploads\/2026\/03\/whatsapp-image-2026-03-12-at-17.19.07.jpg.jpeg 1600w, https:\/\/musictimeventos.com\/wp-content\/uploads\/2026\/03\/whatsapp-image-2026-03-12-at-17.19.07.jpg-300x225.jpeg 300w, https:\/\/musictimeventos.com\/wp-content\/uploads\/2026\/03\/whatsapp-image-2026-03-12-at-17.19.07.jpg-1024x768.jpeg 1024w, https:\/\/musictimeventos.com\/wp-content\/uploads\/2026\/03\/whatsapp-image-2026-03-12-at-17.19.07.jpg-768x576.jpeg 768w, https:\/\/musictimeventos.com\/wp-content\/uploads\/2026\/03\/whatsapp-image-2026-03-12-at-17.19.07.jpg-1536x1152.jpeg 1536w\" sizes=\"auto, (max-width: 1600px) 100vw, 1600px\" \/><span aria-hidden=\"true\" class=\"wp-block-cover__background has-background-dim\" style=\"background-color:#8b8373\"><\/span><div class=\"wp-block-cover__inner-container has-global-padding is-layout-constrained wp-block-cover-is-layout-constrained\">\n<p class=\"has-text-align-center has-alegreya-font-family has-large-font-size\">Descr\u00edbanos sus eventos<\/p>\n<\/div><\/div>\n<\/div>\n<\/div>\n<\/div>\n\n\n\n<hr class=\"wp-block-separator has-alpha-channel-opacity\"\/>\n\n\n\n<div class=\"wp-block-group alignfull has-contrast-color has-base-background-color has-text-color has-background has-link-color wp-elements-3eafa02f5d91748aac171428cf2523ff has-global-padding is-content-justification-center is-layout-constrained wp-container-core-group-is-layout-df757ecc wp-block-group-is-layout-constrained\" style=\"margin-top:0;margin-bottom:0;padding-top:calc( 0.5 * var(--wp--style--root--padding-right, var(--wp--custom--gap--horizontal)));padding-right:var(--wp--style--root--padding-right, var(--wp--custom--gap--horizontal));padding-bottom:calc( 0.5 * var(--wp--style--root--padding-right, var(--wp--custom--gap--horizontal)));padding-left:var(--wp--style--root--padding-left, var(--wp--custom--gap--horizontal))\">\n<div class=\"wp-block-columns alignwide is-layout-flex wp-container-core-columns-is-layout-87beb0d0 wp-block-columns-is-layout-flex\">\n<div class=\"wp-block-column is-layout-flow wp-block-column-is-layout-flow\">\n<figure data-wp-context=\"{&quot;imageId&quot;:&quot;69f23e557a2cf&quot;}\" data-wp-interactive=\"core\/image\" data-wp-key=\"69f23e557a2cf\" class=\"wp-block-image size-large is-style-default wp-lightbox-container\"><img loading=\"lazy\" decoding=\"async\" width=\"1440\" height=\"1440\" data-wp-class--hide=\"state.isContentHidden\" data-wp-class--show=\"state.isContentVisible\" data-wp-init=\"callbacks.setButtonStyles\" data-wp-on--click=\"actions.showLightbox\" data-wp-on--load=\"callbacks.setButtonStyles\" data-wp-on-window--resize=\"callbacks.setButtonStyles\" src=\"http:\/\/musictimeventos.com\/wp-content\/uploads\/2026\/03\/543609883_17958948645003655_1193190063009505914_n.jpg?w=1024\" alt=\"\" class=\"wp-image-140\" style=\"aspect-ratio:4\/3;object-fit:cover\" srcset=\"https:\/\/musictimeventos.com\/wp-content\/uploads\/2026\/03\/543609883_17958948645003655_1193190063009505914_n.jpg 1440w, https:\/\/musictimeventos.com\/wp-content\/uploads\/2026\/03\/543609883_17958948645003655_1193190063009505914_n-300x300.jpg 300w, https:\/\/musictimeventos.com\/wp-content\/uploads\/2026\/03\/543609883_17958948645003655_1193190063009505914_n-1024x1024.jpg 1024w, https:\/\/musictimeventos.com\/wp-content\/uploads\/2026\/03\/543609883_17958948645003655_1193190063009505914_n-150x150.jpg 150w, https:\/\/musictimeventos.com\/wp-content\/uploads\/2026\/03\/543609883_17958948645003655_1193190063009505914_n-768x768.jpg 768w\" sizes=\"auto, (max-width: 1440px) 100vw, 1440px\" \/><button\n\t\t\tclass=\"lightbox-trigger\"\n\t\t\ttype=\"button\"\n\t\t\taria-haspopup=\"dialog\"\n\t\t\taria-label=\"Agrandar\"\n\t\t\tdata-wp-init=\"callbacks.initTriggerButton\"\n\t\t\tdata-wp-on--click=\"actions.showLightbox\"\n\t\t\tdata-wp-style--right=\"state.imageButtonRight\"\n\t\t\tdata-wp-style--top=\"state.imageButtonTop\"\n\t\t>\n\t\t\t<svg xmlns=\"http:\/\/www.w3.org\/2000\/svg\" width=\"12\" height=\"12\" fill=\"none\" viewBox=\"0 0 12 12\">\n\t\t\t\t<path fill=\"#fff\" d=\"M2 0a2 2 0 0 0-2 2v2h1.5V2a.5.5 0 0 1 .5-.5h2V0H2Zm2 10.5H2a.5.5 0 0 1-.5-.5V8H0v2a2 2 0 0 0 2 2h2v-1.5ZM8 12v-1.5h2a.5.5 0 0 0 .5-.5V8H12v2a2 2 0 0 1-2 2H8Zm2-12a2 2 0 0 1 2 2v2h-1.5V2a.5.5 0 0 0-.5-.5H8V0h2Z\" \/>\n\t\t\t<\/svg>\n\t\t<\/button><\/figure>\n\n\n\n<p class=\"has-medium-font-size\">en&nbsp;<strong><a href=\"https:\/\/www.facebook.com\/Alcal%C3%A1-la-Real-110212235666185\/?__cft__[0]=AZbS4euZeh1yn583pEeG5QN_MJ3MLZKgN_-yfckWW_3PPS0Gq6U9L7ZOcwa6H1U7SjksQv2d41JJfVbj8c77Z7gEDfWHovAkHC9wBOxv33zjjwMeqO5JjgEZIt6LsQXqxdwzKvrVo01W3KBMwZy_tlWGRhBuX64iwIHfs801WVF3lMSV413epqTvqxZ7sGE6AhbC1jxlPsamAylyetmi0cfD&amp;__tn__=kC*F\">Alcal\u00e1 la Real<\/a><\/strong>.<\/p>\n\n\n\n<figure data-wp-context=\"{&quot;imageId&quot;:&quot;69f23e557aad6&quot;}\" data-wp-interactive=\"core\/image\" data-wp-key=\"69f23e557aad6\" class=\"wp-block-image size-full is-style-default wp-lightbox-container\"><img loading=\"lazy\" decoding=\"async\" width=\"1600\" height=\"1200\" data-wp-class--hide=\"state.isContentHidden\" data-wp-class--show=\"state.isContentVisible\" data-wp-init=\"callbacks.setButtonStyles\" data-wp-on--click=\"actions.showLightbox\" data-wp-on--load=\"callbacks.setButtonStyles\" data-wp-on-window--resize=\"callbacks.setButtonStyles\" src=\"http:\/\/musictimeventos.com\/wp-content\/uploads\/2026\/03\/whatsapp-image-2026-03-12-at-17.17.15.jpg-2.jpeg\" alt=\"\" class=\"wp-image-236\" style=\"aspect-ratio:3\/4;object-fit:cover\" srcset=\"https:\/\/musictimeventos.com\/wp-content\/uploads\/2026\/03\/whatsapp-image-2026-03-12-at-17.17.15.jpg-2.jpeg 1600w, https:\/\/musictimeventos.com\/wp-content\/uploads\/2026\/03\/whatsapp-image-2026-03-12-at-17.17.15.jpg-2-300x225.jpeg 300w, https:\/\/musictimeventos.com\/wp-content\/uploads\/2026\/03\/whatsapp-image-2026-03-12-at-17.17.15.jpg-2-1024x768.jpeg 1024w, https:\/\/musictimeventos.com\/wp-content\/uploads\/2026\/03\/whatsapp-image-2026-03-12-at-17.17.15.jpg-2-768x576.jpeg 768w, https:\/\/musictimeventos.com\/wp-content\/uploads\/2026\/03\/whatsapp-image-2026-03-12-at-17.17.15.jpg-2-1536x1152.jpeg 1536w\" sizes=\"auto, (max-width: 1600px) 100vw, 1600px\" \/><button\n\t\t\tclass=\"lightbox-trigger\"\n\t\t\ttype=\"button\"\n\t\t\taria-haspopup=\"dialog\"\n\t\t\taria-label=\"Agrandar\"\n\t\t\tdata-wp-init=\"callbacks.initTriggerButton\"\n\t\t\tdata-wp-on--click=\"actions.showLightbox\"\n\t\t\tdata-wp-style--right=\"state.imageButtonRight\"\n\t\t\tdata-wp-style--top=\"state.imageButtonTop\"\n\t\t>\n\t\t\t<svg xmlns=\"http:\/\/www.w3.org\/2000\/svg\" width=\"12\" height=\"12\" fill=\"none\" viewBox=\"0 0 12 12\">\n\t\t\t\t<path fill=\"#fff\" d=\"M2 0a2 2 0 0 0-2 2v2h1.5V2a.5.5 0 0 1 .5-.5h2V0H2Zm2 10.5H2a.5.5 0 0 1-.5-.5V8H0v2a2 2 0 0 0 2 2h2v-1.5ZM8 12v-1.5h2a.5.5 0 0 0 .5-.5V8H12v2a2 2 0 0 1-2 2H8Zm2-12a2 2 0 0 1 2 2v2h-1.5V2a.5.5 0 0 0-.5-.5H8V0h2Z\" \/>\n\t\t\t<\/svg>\n\t\t<\/button><\/figure>\n\n\n\n<p class=\"has-text-align-left has-x-large-font-size wp-container-content-9cfa9a5a\" style=\"line-height:1.1\"><strong><em>Nuestras oficinas.<\/em><\/strong><\/p>\n<\/div>\n\n\n\n<div class=\"wp-block-column is-layout-flow wp-block-column-is-layout-flow\">\n<figure data-wp-context=\"{&quot;imageId&quot;:&quot;69f23e557b4b7&quot;}\" data-wp-interactive=\"core\/image\" data-wp-key=\"69f23e557b4b7\" class=\"wp-block-image size-large is-style-default wp-lightbox-container\"><img loading=\"lazy\" decoding=\"async\" width=\"1440\" height=\"2560\" data-wp-class--hide=\"state.isContentHidden\" data-wp-class--show=\"state.isContentVisible\" data-wp-init=\"callbacks.setButtonStyles\" data-wp-on--click=\"actions.showLightbox\" data-wp-on--load=\"callbacks.setButtonStyles\" data-wp-on-window--resize=\"callbacks.setButtonStyles\" src=\"http:\/\/musictimeventos.com\/wp-content\/uploads\/2026\/03\/496874981_17944445058003655_4425138764963589808_n.-1.jpg?w=576\" alt=\"\" class=\"wp-image-146\" style=\"aspect-ratio:1;object-fit:cover\" srcset=\"https:\/\/musictimeventos.com\/wp-content\/uploads\/2026\/03\/496874981_17944445058003655_4425138764963589808_n.-1.jpg 1440w, https:\/\/musictimeventos.com\/wp-content\/uploads\/2026\/03\/496874981_17944445058003655_4425138764963589808_n.-1-169x300.jpg 169w, https:\/\/musictimeventos.com\/wp-content\/uploads\/2026\/03\/496874981_17944445058003655_4425138764963589808_n.-1-576x1024.jpg 576w, https:\/\/musictimeventos.com\/wp-content\/uploads\/2026\/03\/496874981_17944445058003655_4425138764963589808_n.-1-768x1365.jpg 768w, https:\/\/musictimeventos.com\/wp-content\/uploads\/2026\/03\/496874981_17944445058003655_4425138764963589808_n.-1-864x1536.jpg 864w, https:\/\/musictimeventos.com\/wp-content\/uploads\/2026\/03\/496874981_17944445058003655_4425138764963589808_n.-1-1152x2048.jpg 1152w\" sizes=\"auto, (max-width: 1440px) 100vw, 1440px\" \/><button\n\t\t\tclass=\"lightbox-trigger\"\n\t\t\ttype=\"button\"\n\t\t\taria-haspopup=\"dialog\"\n\t\t\taria-label=\"Agrandar\"\n\t\t\tdata-wp-init=\"callbacks.initTriggerButton\"\n\t\t\tdata-wp-on--click=\"actions.showLightbox\"\n\t\t\tdata-wp-style--right=\"state.imageButtonRight\"\n\t\t\tdata-wp-style--top=\"state.imageButtonTop\"\n\t\t>\n\t\t\t<svg xmlns=\"http:\/\/www.w3.org\/2000\/svg\" width=\"12\" height=\"12\" fill=\"none\" viewBox=\"0 0 12 12\">\n\t\t\t\t<path fill=\"#fff\" d=\"M2 0a2 2 0 0 0-2 2v2h1.5V2a.5.5 0 0 1 .5-.5h2V0H2Zm2 10.5H2a.5.5 0 0 1-.5-.5V8H0v2a2 2 0 0 0 2 2h2v-1.5ZM8 12v-1.5h2a.5.5 0 0 0 .5-.5V8H12v2a2 2 0 0 1-2 2H8Zm2-12a2 2 0 0 1 2 2v2h-1.5V2a.5.5 0 0 0-.5-.5H8V0h2Z\" \/>\n\t\t\t<\/svg>\n\t\t<\/button><\/figure>\n\n\n\n<pre class=\"wp-block-verse\">entrega de premios en la <strong>VIII Subida Noalejo. <\/strong>Gracias a <strong>Escuder\u00eda Cl\u00e1sicos Alcal\u00e1<\/strong>.<\/pre>\n\n\n\n<figure data-wp-context=\"{&quot;imageId&quot;:&quot;69f23e557bc65&quot;}\" data-wp-interactive=\"core\/image\" data-wp-key=\"69f23e557bc65\" class=\"wp-block-image size-large is-style-default wp-lightbox-container\"><img loading=\"lazy\" decoding=\"async\" width=\"1440\" height=\"1440\" data-wp-class--hide=\"state.isContentHidden\" data-wp-class--show=\"state.isContentVisible\" data-wp-init=\"callbacks.setButtonStyles\" data-wp-on--click=\"actions.showLightbox\" data-wp-on--load=\"callbacks.setButtonStyles\" data-wp-on-window--resize=\"callbacks.setButtonStyles\" src=\"http:\/\/musictimeventos.com\/wp-content\/uploads\/2026\/03\/543775233_17958948753003655_7416747706398747878_n.jpg?w=1024\" alt=\"\" class=\"wp-image-137\" style=\"aspect-ratio:0.75;object-fit:cover\" srcset=\"https:\/\/musictimeventos.com\/wp-content\/uploads\/2026\/03\/543775233_17958948753003655_7416747706398747878_n.jpg 1440w, https:\/\/musictimeventos.com\/wp-content\/uploads\/2026\/03\/543775233_17958948753003655_7416747706398747878_n-300x300.jpg 300w, https:\/\/musictimeventos.com\/wp-content\/uploads\/2026\/03\/543775233_17958948753003655_7416747706398747878_n-1024x1024.jpg 1024w, https:\/\/musictimeventos.com\/wp-content\/uploads\/2026\/03\/543775233_17958948753003655_7416747706398747878_n-150x150.jpg 150w, https:\/\/musictimeventos.com\/wp-content\/uploads\/2026\/03\/543775233_17958948753003655_7416747706398747878_n-768x768.jpg 768w\" sizes=\"auto, (max-width: 1440px) 100vw, 1440px\" \/><button\n\t\t\tclass=\"lightbox-trigger\"\n\t\t\ttype=\"button\"\n\t\t\taria-haspopup=\"dialog\"\n\t\t\taria-label=\"Agrandar\"\n\t\t\tdata-wp-init=\"callbacks.initTriggerButton\"\n\t\t\tdata-wp-on--click=\"actions.showLightbox\"\n\t\t\tdata-wp-style--right=\"state.imageButtonRight\"\n\t\t\tdata-wp-style--top=\"state.imageButtonTop\"\n\t\t>\n\t\t\t<svg xmlns=\"http:\/\/www.w3.org\/2000\/svg\" width=\"12\" height=\"12\" fill=\"none\" viewBox=\"0 0 12 12\">\n\t\t\t\t<path fill=\"#fff\" d=\"M2 0a2 2 0 0 0-2 2v2h1.5V2a.5.5 0 0 1 .5-.5h2V0H2Zm2 10.5H2a.5.5 0 0 1-.5-.5V8H0v2a2 2 0 0 0 2 2h2v-1.5ZM8 12v-1.5h2a.5.5 0 0 0 .5-.5V8H12v2a2 2 0 0 1-2 2H8Zm2-12a2 2 0 0 1 2 2v2h-1.5V2a.5.5 0 0 0-.5-.5H8V0h2Z\" \/>\n\t\t\t<\/svg>\n\t\t<\/button><\/figure>\n\n\n\n<p class=\"has-medium-font-size\">En la <strong>Caldea 2025.<\/strong><\/p>\n<\/div>\n\n\n\n<div class=\"wp-block-column is-layout-flow wp-block-column-is-layout-flow\">\n<figure data-wp-context=\"{&quot;imageId&quot;:&quot;69f23e557c4c5&quot;}\" data-wp-interactive=\"core\/image\" data-wp-key=\"69f23e557c4c5\" class=\"wp-block-image size-large is-style-default wp-lightbox-container\"><img loading=\"lazy\" decoding=\"async\" width=\"1440\" height=\"1440\" data-wp-class--hide=\"state.isContentHidden\" data-wp-class--show=\"state.isContentVisible\" data-wp-init=\"callbacks.setButtonStyles\" data-wp-on--click=\"actions.showLightbox\" data-wp-on--load=\"callbacks.setButtonStyles\" data-wp-on-window--resize=\"callbacks.setButtonStyles\" src=\"http:\/\/musictimeventos.com\/wp-content\/uploads\/2026\/03\/545125425_17958948729003655_4504062638967650319_n.jpg?w=1024\" alt=\"\" class=\"wp-image-141\" style=\"aspect-ratio:3\/4;object-fit:cover\" srcset=\"https:\/\/musictimeventos.com\/wp-content\/uploads\/2026\/03\/545125425_17958948729003655_4504062638967650319_n.jpg 1440w, https:\/\/musictimeventos.com\/wp-content\/uploads\/2026\/03\/545125425_17958948729003655_4504062638967650319_n-300x300.jpg 300w, https:\/\/musictimeventos.com\/wp-content\/uploads\/2026\/03\/545125425_17958948729003655_4504062638967650319_n-1024x1024.jpg 1024w, https:\/\/musictimeventos.com\/wp-content\/uploads\/2026\/03\/545125425_17958948729003655_4504062638967650319_n-150x150.jpg 150w, https:\/\/musictimeventos.com\/wp-content\/uploads\/2026\/03\/545125425_17958948729003655_4504062638967650319_n-768x768.jpg 768w\" sizes=\"auto, (max-width: 1440px) 100vw, 1440px\" \/><button\n\t\t\tclass=\"lightbox-trigger\"\n\t\t\ttype=\"button\"\n\t\t\taria-haspopup=\"dialog\"\n\t\t\taria-label=\"Agrandar\"\n\t\t\tdata-wp-init=\"callbacks.initTriggerButton\"\n\t\t\tdata-wp-on--click=\"actions.showLightbox\"\n\t\t\tdata-wp-style--right=\"state.imageButtonRight\"\n\t\t\tdata-wp-style--top=\"state.imageButtonTop\"\n\t\t>\n\t\t\t<svg xmlns=\"http:\/\/www.w3.org\/2000\/svg\" width=\"12\" height=\"12\" fill=\"none\" viewBox=\"0 0 12 12\">\n\t\t\t\t<path fill=\"#fff\" d=\"M2 0a2 2 0 0 0-2 2v2h1.5V2a.5.5 0 0 1 .5-.5h2V0H2Zm2 10.5H2a.5.5 0 0 1-.5-.5V8H0v2a2 2 0 0 0 2 2h2v-1.5ZM8 12v-1.5h2a.5.5 0 0 0 .5-.5V8H12v2a2 2 0 0 1-2 2H8Zm2-12a2 2 0 0 1 2 2v2h-1.5V2a.5.5 0 0 0-.5-.5H8V0h2Z\" \/>\n\t\t\t<\/svg>\n\t\t<\/button><\/figure>\n\n\n\n<p class=\"has-large-font-size\">en&nbsp;<strong><a href=\"https:\/\/www.facebook.com\/Alcal%C3%A1-la-Real-110212235666185\/?__tn__=kC*F\">Alcal\u00e1 la Real<\/a><\/strong>.<\/p>\n\n\n\n<figure data-wp-context=\"{&quot;imageId&quot;:&quot;69f23e557cb93&quot;}\" data-wp-interactive=\"core\/image\" data-wp-key=\"69f23e557cb93\" class=\"wp-block-image size-large is-style-default wp-lightbox-container\"><img loading=\"lazy\" decoding=\"async\" width=\"1440\" height=\"1440\" data-wp-class--hide=\"state.isContentHidden\" data-wp-class--show=\"state.isContentVisible\" data-wp-init=\"callbacks.setButtonStyles\" data-wp-on--click=\"actions.showLightbox\" data-wp-on--load=\"callbacks.setButtonStyles\" data-wp-on-window--resize=\"callbacks.setButtonStyles\" src=\"http:\/\/musictimeventos.com\/wp-content\/uploads\/2026\/03\/542786127_17958948672003655_9176169786636561760_n.jpg?w=1024\" alt=\"\" class=\"wp-image-138\" style=\"aspect-ratio:1;object-fit:cover\" srcset=\"https:\/\/musictimeventos.com\/wp-content\/uploads\/2026\/03\/542786127_17958948672003655_9176169786636561760_n.jpg 1440w, https:\/\/musictimeventos.com\/wp-content\/uploads\/2026\/03\/542786127_17958948672003655_9176169786636561760_n-300x300.jpg 300w, https:\/\/musictimeventos.com\/wp-content\/uploads\/2026\/03\/542786127_17958948672003655_9176169786636561760_n-1024x1024.jpg 1024w, https:\/\/musictimeventos.com\/wp-content\/uploads\/2026\/03\/542786127_17958948672003655_9176169786636561760_n-150x150.jpg 150w, https:\/\/musictimeventos.com\/wp-content\/uploads\/2026\/03\/542786127_17958948672003655_9176169786636561760_n-768x768.jpg 768w\" sizes=\"auto, (max-width: 1440px) 100vw, 1440px\" \/><button\n\t\t\tclass=\"lightbox-trigger\"\n\t\t\ttype=\"button\"\n\t\t\taria-haspopup=\"dialog\"\n\t\t\taria-label=\"Agrandar\"\n\t\t\tdata-wp-init=\"callbacks.initTriggerButton\"\n\t\t\tdata-wp-on--click=\"actions.showLightbox\"\n\t\t\tdata-wp-style--right=\"state.imageButtonRight\"\n\t\t\tdata-wp-style--top=\"state.imageButtonTop\"\n\t\t>\n\t\t\t<svg xmlns=\"http:\/\/www.w3.org\/2000\/svg\" width=\"12\" height=\"12\" fill=\"none\" viewBox=\"0 0 12 12\">\n\t\t\t\t<path fill=\"#fff\" d=\"M2 0a2 2 0 0 0-2 2v2h1.5V2a.5.5 0 0 1 .5-.5h2V0H2Zm2 10.5H2a.5.5 0 0 1-.5-.5V8H0v2a2 2 0 0 0 2 2h2v-1.5ZM8 12v-1.5h2a.5.5 0 0 0 .5-.5V8H12v2a2 2 0 0 1-2 2H8Zm2-12a2 2 0 0 1 2 2v2h-1.5V2a.5.5 0 0 0-.5-.5H8V0h2Z\" \/>\n\t\t\t<\/svg>\n\t\t<\/button><\/figure>\n\n\n\n<p class=\"has-medium-font-size\">En la <strong>Caldea 2024.<\/strong><\/p>\n<\/div>\n<\/div>\n<\/div>\n","protected":false},"excerpt":{"rendered":"<p>Tu evento de principio a fin. Asesoramiento, djs, animaci\u00f3n, Sonido, iluminaci\u00f3n, efectos especiales. en&nbsp;Alcal\u00e1 la Real. Nuestras oficinas. entrega de premios en la VIII Subida Noalejo. Gracias a Escuder\u00eda Cl\u00e1sicos Alcal\u00e1. En la Caldea 2025. en&nbsp;Alcal\u00e1 la Real. En la Caldea 2024.<\/p>\n","protected":false},"author":4,"featured_media":0,"parent":0,"menu_order":0,"comment_status":"closed","ping_status":"closed","template":"","meta":{"footnotes":""},"class_list":["post-213","page","type-page","status-publish","hentry"],"_links":{"self":[{"href":"https:\/\/musictimeventos.com\/index.php?rest_route=\/wp\/v2\/pages\/213","targetHints":{"allow":["GET"]}}],"collection":[{"href":"https:\/\/musictimeventos.com\/index.php?rest_route=\/wp\/v2\/pages"}],"about":[{"href":"https:\/\/musictimeventos.com\/index.php?rest_route=\/wp\/v2\/types\/page"}],"author":[{"embeddable":true,"href":"https:\/\/musictimeventos.com\/index.php?rest_route=\/wp\/v2\/users\/4"}],"replies":[{"embeddable":true,"href":"https:\/\/musictimeventos.com\/index.php?rest_route=%2Fwp%2Fv2%2Fcomments&post=213"}],"version-history":[{"count":5,"href":"https:\/\/musictimeventos.com\/index.php?rest_route=\/wp\/v2\/pages\/213\/revisions"}],"predecessor-version":[{"id":304,"href":"https:\/\/musictimeventos.com\/index.php?rest_route=\/wp\/v2\/pages\/213\/revisions\/304"}],"wp:attachment":[{"href":"https:\/\/musictimeventos.com\/index.php?rest_route=%2Fwp%2Fv2%2Fmedia&parent=213"}],"curies":[{"name":"wp","href":"https:\/\/api.w.org\/{rel}","templated":true}]}}