{"id":62,"date":"2026-03-10T12:21:53","date_gmt":"2026-03-10T11:21:53","guid":{"rendered":"https:\/\/musictimeventos-tlmhz.wordpress.com\/?page_id=62"},"modified":"2026-04-23T10:38:43","modified_gmt":"2026-04-23T08:38:43","slug":"acerca-de-2","status":"publish","type":"page","link":"https:\/\/musictimeventos.com\/?page_id=62","title":{"rendered":"Acerca de"},"content":{"rendered":"\n<div class=\"wp-block-group alignfull is-style-section-1 has-base-background-color has-background has-global-padding is-layout-constrained wp-container-core-group-is-layout-855d64e0 wp-block-group-is-layout-constrained is-style-section-1--1\" style=\"min-height:0px;margin-top:0;margin-bottom:0;padding-top:var(--wp--preset--spacing--60);padding-right:var(--wp--preset--spacing--20);padding-bottom:var(--wp--preset--spacing--60);padding-left:var(--wp--preset--spacing--20)\">\n<div class=\"wp-block-columns alignwide is-layout-flex wp-container-core-columns-is-layout-28f84493 wp-block-columns-is-layout-flex\">\n<div class=\"wp-block-column is-layout-flow wp-block-column-is-layout-flow\">\n<div class=\"wp-block-group has-global-padding is-content-justification-left is-layout-constrained wp-container-core-group-is-layout-7526a028 wp-block-group-is-layout-constrained\">\n<h2 class=\"wp-block-heading has-contrast-color has-text-color has-link-color wp-elements-e636fb2ba9595e11d4f4e5586703c8f7\">Vis\u00edtanos<\/h2>\n\n\n\n<p class=\"is-contact-description\">Pasa a explorar nuestros presupuestos, conectar con nuestro equipo y experimentar nuestro lugar de primera mano. No podemos esperar a darte la bienvenida.<\/p>\n<\/div>\n\n\n\n<div style=\"height:var(--wp--preset--spacing--10)\" aria-hidden=\"true\" class=\"wp-block-spacer\"><\/div>\n\n\n\n<h2 class=\"wp-block-heading\">Valoraciones<\/h2>\n\n\n\n<p class=\"has-text-align-left\" style=\"margin-top:0;margin-right:0;margin-bottom:0;margin-left:0;padding-right:0;padding-left:0\">Aqu\u00ed puedes ver nuestras valoraciones, adem\u00e1s<\/p>\n\n\n\n<p class=\"has-text-align-left\" style=\"margin-top:0;margin-right:0;margin-bottom:0;margin-left:0;padding-right:0;padding-left:0\">tambi\u00e9n puedes valorarnos y dar tu experiencia del servicio.<\/p>\n\n\n\n<div class=\"wp-block-buttons is-layout-flex wp-block-buttons-is-layout-flex\">\n<div class=\"wp-block-button\"><a class=\"wp-block-button__link wp-element-button\" href=\"https:\/\/www.google.com\/search?sca_esv=cad53a9b66261df5&amp;rlz=1C1HKFL_esES1204ES1204&amp;sxsrf=ANbL-n76Nr4BXVnmfJWuCgyH55CRxIupzQ:1773159878806&amp;q=music+time+eventos&amp;si=AL3DRZEsmMGCryMMFSHJ3StBhOdZ2-6yYkXd_doETEE1OR-qOdxE-pBkV25GsgXh3VpkKIPIQ5v2rbA4h96iMEs0aVh0cDj4fIH4eS6_mQLMJ_FgJGPusfM%3D&amp;uds=ALYpb_myr09fc72P8O-r9QptxpsdSftK7Qf7fkOukLYuv96hwqcm8yAhvK9bN3kKdNHjLu9pYhtcFL19GvAZMXzu0NO3X5kWfm3YY8fUuE4Jtg3z5_Xvu6c&amp;sa=X&amp;ved=2ahUKEwjB8NKl35WTAxXDQ_EDHXNsIaYQ3PALegQIHBAE&amp;biw=1280&amp;bih=889&amp;dpr=1\">Valoraciones<\/a><\/div>\n<\/div>\n<\/div>\n\n\n\n<div class=\"wp-block-column is-style-default is-layout-flow wp-block-column-is-layout-flow\">\n<div class=\"wp-block-columns is-style-default is-layout-flex wp-container-core-columns-is-layout-28f84493 wp-block-columns-is-layout-flex\">\n<div class=\"wp-block-column is-layout-flow wp-block-column-is-layout-flow\" style=\"flex-basis:100%\">\n<div class=\"wp-block-group has-global-padding is-layout-constrained wp-block-group-is-layout-constrained\">\n<iframe src=\"https:\/\/www.google.com\/maps\/embed?pb=!1m18!1m12!1m3!1d1079.0194446541486!2d-3.880853644172564!3d37.451129761943626!2m3!1f0!2f0!3f0!3m2!1i1024!2i768!4f13.1!3m3!1m2!1s0x96bc8d1de6088c1%3A0xd0cb35647aae41de!2sMusic%20time%20eventos!5e1!3m2!1ses!2ses!4v1776853492380!5m2!1ses!2ses\" width=\"600\" height=\"450\" style=\"border:0;\" allowfullscreen=\"\" loading=\"lazy\" referrerpolicy=\"no-referrer-when-downgrade\"><\/iframe>\n<\/div>\n<\/div>\n<\/div>\n\n\n\n<p class=\"has-large-font-size\" style=\"border-style:none;border-width:0px;text-decoration:none\"><strong>Direcci\u00f3n:<\/strong>&nbsp;<\/p>\n\n\n\n<p><a href=\"https:\/\/www.google.com\/maps\/place\/\/data=!4m2!3m1!1s0x96bc8d1de6088c1:0xd0cb35647aae41de?sa=X&amp;ved=1t:8290&amp;ictx=111\">Pol. Ind. Llano mazuelos, C\/ Cibeles, 31, oficina 6, 23680 Alcal\u00e1 la Real, Ja\u00e9n<\/a><\/p>\n<\/div>\n<\/div>\n<\/div>\n\n\n\n<p><\/p>\n","protected":false},"excerpt":{"rendered":"<p>Vis\u00edtanos Pasa a explorar nuestros presupuestos, conectar con nuestro equipo y experimentar nuestro lugar de primera mano. No podemos esperar a darte la bienvenida. Valoraciones Aqu\u00ed puedes ver nuestras valoraciones, adem\u00e1s tambi\u00e9n puedes valorarnos y dar tu experiencia del servicio. Direcci\u00f3n:&nbsp; Pol. Ind. Llano mazuelos, C\/ Cibeles, 31, oficina 6, 23680 Alcal\u00e1 la Real, Ja\u00e9n<\/p>\n","protected":false},"author":4,"featured_media":0,"parent":0,"menu_order":0,"comment_status":"closed","ping_status":"closed","template":"","meta":{"footnotes":""},"class_list":["post-62","page","type-page","status-publish","hentry"],"_links":{"self":[{"href":"https:\/\/musictimeventos.com\/index.php?rest_route=\/wp\/v2\/pages\/62","targetHints":{"allow":["GET"]}}],"collection":[{"href":"https:\/\/musictimeventos.com\/index.php?rest_route=\/wp\/v2\/pages"}],"about":[{"href":"https:\/\/musictimeventos.com\/index.php?rest_route=\/wp\/v2\/types\/page"}],"author":[{"embeddable":true,"href":"https:\/\/musictimeventos.com\/index.php?rest_route=\/wp\/v2\/users\/4"}],"replies":[{"embeddable":true,"href":"https:\/\/musictimeventos.com\/index.php?rest_route=%2Fwp%2Fv2%2Fcomments&post=62"}],"version-history":[{"count":5,"href":"https:\/\/musictimeventos.com\/index.php?rest_route=\/wp\/v2\/pages\/62\/revisions"}],"predecessor-version":[{"id":305,"href":"https:\/\/musictimeventos.com\/index.php?rest_route=\/wp\/v2\/pages\/62\/revisions\/305"}],"wp:attachment":[{"href":"https:\/\/musictimeventos.com\/index.php?rest_route=%2Fwp%2Fv2%2Fmedia&parent=62"}],"curies":[{"name":"wp","href":"https:\/\/api.w.org\/{rel}","templated":true}]}}